{"id":1778,"date":"2024-03-11T11:27:33","date_gmt":"2024-03-11T10:27:33","guid":{"rendered":"https:\/\/uchass.ugr.es\/?page_id=1778"},"modified":"2024-10-24T14:08:16","modified_gmt":"2024-10-24T12:08:16","slug":"white-papers","status":"publish","type":"page","link":"https:\/\/uchass.ugr.es\/es\/white-papers\/","title":{"rendered":"Documentos t\u00e9cnicos"},"content":{"rendered":"<div data-elementor-type=\"wp-page\" data-elementor-id=\"1778\" class=\"elementor elementor-1778\" data-elementor-post-type=\"page\">\n\t\t\t\t<div class=\"elementor-element elementor-element-9a9152c e-flex e-con-boxed e-con e-parent\" data-id=\"9a9152c\" data-element_type=\"container\" data-core-v316-plus=\"true\">\n\t\t\t\t\t<div class=\"e-con-inner\">\n\t\t<div class=\"elementor-element elementor-element-8003467 e-con-full e-flex e-con e-child\" data-id=\"8003467\" data-element_type=\"container\">\n\t\t<div class=\"elementor-element elementor-element-a7f95f7 e-flex e-con-boxed e-con e-child\" data-id=\"a7f95f7\" data-element_type=\"container\" data-settings=\"{&quot;sticky&quot;:&quot;top&quot;,&quot;sticky_on&quot;:[&quot;desktop&quot;],&quot;sticky_offset&quot;:100,&quot;sticky_effects_offset&quot;:1000,&quot;sticky_parent&quot;:&quot;yes&quot;}\">\n\t\t\t\t\t<div class=\"e-con-inner\">\n\t\t\t\t<div class=\"elementor-element elementor-element-2447f40 elementor-widget elementor-widget-heading\" data-id=\"2447f40\" data-element_type=\"widget\" data-widget_type=\"heading.default\">\n\t\t\t\t<div class=\"elementor-widget-container\">\n\t\t\t<style>\/*! elementor - v3.20.0 - 20-03-2024 *\/\n.elementor-heading-title{padding:0;margin:0;line-height:1}.elementor-widget-heading .elementor-heading-title[class*=elementor-size-]>a{color:inherit;font-size:inherit;line-height:inherit}.elementor-widget-heading .elementor-heading-title.elementor-size-small{font-size:15px}.elementor-widget-heading .elementor-heading-title.elementor-size-medium{font-size:19px}.elementor-widget-heading .elementor-heading-title.elementor-size-large{font-size:29px}.elementor-widget-heading .elementor-heading-title.elementor-size-xl{font-size:39px}.elementor-widget-heading .elementor-heading-title.elementor-size-xxl{font-size:59px}<\/style><span class=\"elementor-heading-title elementor-size-default\">Divulgaci\u00f3n<\/span>\t\t<\/div>\n\t\t\t\t<\/div>\n\t\t\t\t<div class=\"elementor-element elementor-element-d4e806a elementor-widget elementor-widget-heading\" data-id=\"d4e806a\" data-element_type=\"widget\" data-widget_type=\"heading.default\">\n\t\t\t\t<div class=\"elementor-widget-container\">\n\t\t\t<h1 class=\"elementor-heading-title elementor-size-default\">Documentos t\u00e9cnicos<\/h1>\t\t<\/div>\n\t\t\t\t<\/div>\n\t\t\t\t\t<\/div>\n\t\t\t\t<\/div>\n\t\t\t\t<\/div>\n\t\t<div class=\"elementor-element elementor-element-f2282a0 e-con-full e-flex e-con e-child\" data-id=\"f2282a0\" data-element_type=\"container\">\n\t\t\t\t<div class=\"elementor-element elementor-element-f204b6e elementor-grid-1 elementor-grid-tablet-2 elementor-grid-mobile-1 elementor-widget elementor-widget-loop-grid\" data-id=\"f204b6e\" data-element_type=\"widget\" data-settings=\"{&quot;template_id&quot;:2111,&quot;columns&quot;:1,&quot;_skin&quot;:&quot;post&quot;,&quot;columns_tablet&quot;:&quot;2&quot;,&quot;columns_mobile&quot;:&quot;1&quot;,&quot;edit_handle_selector&quot;:&quot;[data-elementor-type=\\&quot;loop-item\\&quot;]&quot;,&quot;row_gap&quot;:{&quot;unit&quot;:&quot;px&quot;,&quot;size&quot;:&quot;&quot;,&quot;sizes&quot;:[]},&quot;row_gap_tablet&quot;:{&quot;unit&quot;:&quot;px&quot;,&quot;size&quot;:&quot;&quot;,&quot;sizes&quot;:[]},&quot;row_gap_mobile&quot;:{&quot;unit&quot;:&quot;px&quot;,&quot;size&quot;:&quot;&quot;,&quot;sizes&quot;:[]}}\" data-widget_type=\"loop-grid.post\">\n\t\t\t\t<div class=\"elementor-widget-container\">\n\t\t\t<link rel=\"stylesheet\" href=\"https:\/\/uchass.ugr.es\/wp-content\/plugins\/elementor-pro\/assets\/css\/widget-loop-builder.min.css\">\t\t<div class=\"elementor-loop-container elementor-grid\">\n\t\t<style id=\"loop-2111\">.elementor-2111 .elementor-element.elementor-element-3fcc3fc{--display:flex;--flex-direction:row;--container-widget-width:calc( ( 1 - var( --container-widget-flex-grow ) ) * 100% );--container-widget-height:100%;--container-widget-flex-grow:1;--container-widget-align-self:stretch;--align-items:flex-start;--gap:0px 30px;--background-transition:0.3s;--padding-block-start:0px;--padding-block-end:0px;--padding-inline-start:0px;--padding-inline-end:0px;}.elementor-2111 .elementor-element.elementor-element-ee7da3b{--display:flex;--background-transition:0.3s;--padding-block-start:0px;--padding-block-end:0px;--padding-inline-start:0px;--padding-inline-end:0px;}.elementor-2111 .elementor-element.elementor-element-6af0417 img{width:100%;height:200px;object-fit:cover;object-position:center center;}.elementor-2111 .elementor-element.elementor-element-4fdc199{--display:flex;--background-transition:0.3s;--padding-block-start:0px;--padding-block-end:0px;--padding-inline-start:0px;--padding-inline-end:0px;}.elementor-2111 .elementor-element.elementor-element-42bf5cc .elementor-heading-title{color:var( --e-global-color-astglobalcolor0 );font-weight:600;}.elementor-2111 .elementor-element.elementor-element-42bf5cc.elementor-element{--align-self:flex-start;}.elementor-2111 .elementor-element.elementor-element-881e841 .elementor-button{fill:var( --e-global-color-astglobalcolor1 );color:var( --e-global-color-astglobalcolor1 );}@media(min-width:768px){.elementor-2111 .elementor-element.elementor-element-ee7da3b{--width:40%;}}<\/style>\t\t<div data-elementor-type=\"loop-item\" data-elementor-id=\"2111\" class=\"elementor elementor-2111 e-loop-item e-loop-item-5527 post-5527 outreach type-outreach status-publish has-post-thumbnail hentry outreach-section-white-papers\" data-elementor-post-type=\"elementor_library\" data-custom-edit-handle=\"1\">\n\t\t\t<div class=\"elementor-element elementor-element-3fcc3fc e-flex e-con-boxed e-con e-parent\" data-id=\"3fcc3fc\" data-element_type=\"container\" data-core-v316-plus=\"true\">\n\t\t\t\t\t<div class=\"e-con-inner\">\n\t\t<div class=\"elementor-element elementor-element-ee7da3b e-con-full e-flex e-con e-child\" data-id=\"ee7da3b\" data-element_type=\"container\">\n\t\t\t\t<div class=\"elementor-element elementor-element-6af0417 elementor-widget elementor-widget-theme-post-featured-image elementor-widget-image\" data-id=\"6af0417\" data-element_type=\"widget\" data-widget_type=\"theme-post-featured-image.default\">\n\t\t\t\t<div class=\"elementor-widget-container\">\n\t\t\t<style>\/*! elementor - v3.20.0 - 20-03-2024 *\/\n.elementor-widget-image{text-align:center}.elementor-widget-image a{display:inline-block}.elementor-widget-image a img[src$=\".svg\"]{width:48px}.elementor-widget-image img{vertical-align:middle;display:inline-block}<\/style>\t\t\t\t\t\t\t\t\t\t\t<a href=\"https:\/\/doi.org\/10.5281\/zenodo.18336510\" target=\"_blank\">\n\t\t\t\t\t\t\t<img fetchpriority=\"high\" decoding=\"async\" width=\"2480\" height=\"3508\" src=\"https:\/\/uchass.ugr.es\/wp-content\/uploads\/2026\/02\/Proyecto-nuevo-1.png\" class=\"attachment-full size-full wp-image-5530\" alt=\"\" \/>\t\t\t\t\t\t\t\t<\/a>\n\t\t\t\t\t\t\t\t\t\t\t\t\t<\/div>\n\t\t\t\t<\/div>\n\t\t\t\t<\/div>\n\t\t<div class=\"elementor-element elementor-element-4fdc199 e-con-full e-flex e-con e-child\" data-id=\"4fdc199\" data-element_type=\"container\">\n\t\t\t\t<div class=\"elementor-element elementor-element-42bf5cc elementor-widget elementor-widget-theme-post-title elementor-page-title elementor-widget-heading\" data-id=\"42bf5cc\" data-element_type=\"widget\" data-widget_type=\"theme-post-title.default\">\n\t\t\t\t<div class=\"elementor-widget-container\">\n\t\t\t<h4 class=\"elementor-heading-title elementor-size-default\"><a href=\"https:\/\/uchass.ugr.es\/es\/outreach\/las-big-three-de-la-informacion-cientifica-revision-bibliometrica-comparativa-de-web-of-science-scopus-y-openalex\/\">Las &#8216;Big Three&#8217; de la informaci\u00f3n cient\u00edfica: Revisi\u00f3n bibliom\u00e9trica comparativa de Web of Science, Scopus y OpenAlex<\/a><\/h4>\t\t<\/div>\n\t\t\t\t<\/div>\n\t\t\t\t<div class=\"elementor-element elementor-element-ebe666a elementor-widget elementor-widget-theme-post-content\" data-id=\"ebe666a\" data-element_type=\"widget\" data-widget_type=\"theme-post-content.default\">\n\t\t\t\t<div class=\"elementor-widget-container\">\n\t\t\t\n<p>El presente estudio comparativo analiza las tres principales bases de datos bibliogr\u00e1ficas multidisciplinares, Web of Science Core Collection, Scopus y OpenAlex, con el objetivo de proporcionar evidencia actualizada sobre cobertura, calidad de metadatos y caracter\u00edsticas funcionales que permita orientar decisiones estrat\u00e9gicas en evaluaci\u00f3n cient\u00edfica. <\/p>\n\n\n\n<p>DOI: <a href=\"https:\/\/doi.org\/10.5281\/zenodo.18336510\">https:\/\/doi.org\/10.5281\/zenodo.18336510<\/a><\/p>\n\t\t<\/div>\n\t\t\t\t<\/div>\n\t\t\t\t<div class=\"elementor-element elementor-element-881e841 elementor-align-right elementor-widget elementor-widget-button\" data-id=\"881e841\" data-element_type=\"widget\" data-widget_type=\"button.default\">\n\t\t\t\t<div class=\"elementor-widget-container\">\n\t\t\t\t\t<div class=\"elementor-button-wrapper\">\n\t\t\t<a class=\"elementor-button elementor-button-link elementor-size-sm\" href=\"https:\/\/doi.org\/10.5281\/zenodo.18336510\" target=\"_blank\">\n\t\t\t\t\t\t<span class=\"elementor-button-content-wrapper\">\n\t\t\t\t\t\t<span class=\"elementor-button-text\">More<\/span>\n\t\t<\/span>\n\t\t\t\t\t<\/a>\n\t\t<\/div>\n\t\t\t\t<\/div>\n\t\t\t\t<\/div>\n\t\t\t\t<\/div>\n\t\t\t\t\t<\/div>\n\t\t\t\t<\/div>\n\t\t\t\t<\/div>\n\t\t\t\t<div data-elementor-type=\"loop-item\" data-elementor-id=\"2111\" class=\"elementor elementor-2111 e-loop-item e-loop-item-4340 post-4340 outreach type-outreach status-publish has-post-thumbnail hentry outreach-section-white-papers\" data-elementor-post-type=\"elementor_library\" data-custom-edit-handle=\"1\">\n\t\t\t<div class=\"elementor-element elementor-element-3fcc3fc e-flex e-con-boxed e-con e-parent\" data-id=\"3fcc3fc\" data-element_type=\"container\" data-core-v316-plus=\"true\">\n\t\t\t\t\t<div class=\"e-con-inner\">\n\t\t<div class=\"elementor-element elementor-element-ee7da3b e-con-full e-flex e-con e-child\" data-id=\"ee7da3b\" data-element_type=\"container\">\n\t\t\t\t<div class=\"elementor-element elementor-element-6af0417 elementor-widget elementor-widget-theme-post-featured-image elementor-widget-image\" data-id=\"6af0417\" data-element_type=\"widget\" data-widget_type=\"theme-post-featured-image.default\">\n\t\t\t\t<div class=\"elementor-widget-container\">\n\t\t\t\t\t\t\t\t\t\t\t\t\t\t<a href=\"https:\/\/zenodo.org\/records\/14672066\" target=\"_blank\">\n\t\t\t\t\t\t\t<img decoding=\"async\" width=\"555\" height=\"786\" src=\"https:\/\/uchass.ugr.es\/wp-content\/uploads\/2025\/01\/aaaa.jpg\" class=\"attachment-full size-full wp-image-4341\" alt=\"\" \/>\t\t\t\t\t\t\t\t<\/a>\n\t\t\t\t\t\t\t\t\t\t\t\t\t<\/div>\n\t\t\t\t<\/div>\n\t\t\t\t<\/div>\n\t\t<div class=\"elementor-element elementor-element-4fdc199 e-con-full e-flex e-con e-child\" data-id=\"4fdc199\" data-element_type=\"container\">\n\t\t\t\t<div class=\"elementor-element elementor-element-42bf5cc elementor-widget elementor-widget-theme-post-title elementor-page-title elementor-widget-heading\" data-id=\"42bf5cc\" data-element_type=\"widget\" data-widget_type=\"theme-post-title.default\">\n\t\t\t\t<div class=\"elementor-widget-container\">\n\t\t\t<h4 class=\"elementor-heading-title elementor-size-default\"><a href=\"https:\/\/uchass.ugr.es\/es\/outreach\/evaluative-bibliometrics\/\">Evaluative Bibliometrics<\/a><\/h4>\t\t<\/div>\n\t\t\t\t<\/div>\n\t\t\t\t<div class=\"elementor-element elementor-element-ebe666a elementor-widget elementor-widget-theme-post-content\" data-id=\"ebe666a\" data-element_type=\"widget\" data-widget_type=\"theme-post-content.default\">\n\t\t\t\t<div class=\"elementor-widget-container\">\n\t\t\t\n<p>This book is addressed to researchers, academics, and science policy-makers who are interested in the quantitative analysis of scientific information. Its principal aim is to explore the field of bibliometrics, tracing its historical development and highlighting its transformative impact on academic evaluation<br><a href=\"https:\/\/doi.org\/10.5281\/zenodo.14672066\">https:\/\/doi.org\/10.5281\/zenodo.14672066<\/a><\/p>\n\t\t<\/div>\n\t\t\t\t<\/div>\n\t\t\t\t<div class=\"elementor-element elementor-element-881e841 elementor-align-right elementor-widget elementor-widget-button\" data-id=\"881e841\" data-element_type=\"widget\" data-widget_type=\"button.default\">\n\t\t\t\t<div class=\"elementor-widget-container\">\n\t\t\t\t\t<div class=\"elementor-button-wrapper\">\n\t\t\t<a class=\"elementor-button elementor-button-link elementor-size-sm\" href=\"https:\/\/zenodo.org\/records\/14672066\" target=\"_blank\">\n\t\t\t\t\t\t<span class=\"elementor-button-content-wrapper\">\n\t\t\t\t\t\t<span class=\"elementor-button-text\">More<\/span>\n\t\t<\/span>\n\t\t\t\t\t<\/a>\n\t\t<\/div>\n\t\t\t\t<\/div>\n\t\t\t\t<\/div>\n\t\t\t\t<\/div>\n\t\t\t\t\t<\/div>\n\t\t\t\t<\/div>\n\t\t\t\t<\/div>\n\t\t\t\t<div data-elementor-type=\"loop-item\" data-elementor-id=\"2111\" class=\"elementor elementor-2111 e-loop-item e-loop-item-3330 post-3330 outreach type-outreach status-publish has-post-thumbnail hentry outreach-section-white-papers\" data-elementor-post-type=\"elementor_library\" data-custom-edit-handle=\"1\">\n\t\t\t<div class=\"elementor-element elementor-element-3fcc3fc e-flex e-con-boxed e-con e-parent\" data-id=\"3fcc3fc\" data-element_type=\"container\" data-core-v316-plus=\"true\">\n\t\t\t\t\t<div class=\"e-con-inner\">\n\t\t<div class=\"elementor-element elementor-element-ee7da3b e-con-full e-flex e-con e-child\" data-id=\"ee7da3b\" data-element_type=\"container\">\n\t\t\t\t<div class=\"elementor-element elementor-element-6af0417 elementor-widget elementor-widget-theme-post-featured-image elementor-widget-image\" data-id=\"6af0417\" data-element_type=\"widget\" data-widget_type=\"theme-post-featured-image.default\">\n\t\t\t\t<div class=\"elementor-widget-container\">\n\t\t\t\t\t\t\t\t\t\t\t\t\t\t<a href=\"https:\/\/zenodo.org\/records\/13880355\" target=\"_blank\">\n\t\t\t\t\t\t\t<img decoding=\"async\" width=\"1654\" height=\"2339\" src=\"https:\/\/uchass.ugr.es\/wp-content\/uploads\/2024\/10\/aaa.jpg\" class=\"attachment-full size-full wp-image-4651\" alt=\"\" \/>\t\t\t\t\t\t\t\t<\/a>\n\t\t\t\t\t\t\t\t\t\t\t\t\t<\/div>\n\t\t\t\t<\/div>\n\t\t\t\t<\/div>\n\t\t<div class=\"elementor-element elementor-element-4fdc199 e-con-full e-flex e-con e-child\" data-id=\"4fdc199\" data-element_type=\"container\">\n\t\t\t\t<div class=\"elementor-element elementor-element-42bf5cc elementor-widget elementor-widget-theme-post-title elementor-page-title elementor-widget-heading\" data-id=\"42bf5cc\" data-element_type=\"widget\" data-widget_type=\"theme-post-title.default\">\n\t\t\t\t<div class=\"elementor-widget-container\">\n\t\t\t<h4 class=\"elementor-heading-title elementor-size-default\"><a href=\"https:\/\/uchass.ugr.es\/es\/outreach\/diversity-in-the-scientific-workforce\/\">Diversity in the scientific workforce<\/a><\/h4>\t\t<\/div>\n\t\t\t\t<\/div>\n\t\t\t\t<div class=\"elementor-element elementor-element-ebe666a elementor-widget elementor-widget-theme-post-content\" data-id=\"ebe666a\" data-element_type=\"widget\" data-widget_type=\"theme-post-content.default\">\n\t\t\t\t<div class=\"elementor-widget-container\">\n\t\t\t\n<p>This literature review examines the use of informetric methods to assess diversity in the scientific workforce, highlighting advances in author name disambiguation and individual-level metrics evaluation. It emphasizes the shift towards multidimensional models that account for diverse characteristics such as gender and ethnicity, suggesting future research pathways for equitable evaluation frameworks. <a href=\"https:\/\/doi.org\/10.5281\/zenodo.13880355\">https:\/\/doi.org\/10.5281\/zenodo.13880355<\/a><\/p>\n\n\n\n<p><\/p>\n\t\t<\/div>\n\t\t\t\t<\/div>\n\t\t\t\t<div class=\"elementor-element elementor-element-881e841 elementor-align-right elementor-widget elementor-widget-button\" data-id=\"881e841\" data-element_type=\"widget\" data-widget_type=\"button.default\">\n\t\t\t\t<div class=\"elementor-widget-container\">\n\t\t\t\t\t<div class=\"elementor-button-wrapper\">\n\t\t\t<a class=\"elementor-button elementor-button-link elementor-size-sm\" href=\"https:\/\/zenodo.org\/records\/13880355\" target=\"_blank\">\n\t\t\t\t\t\t<span class=\"elementor-button-content-wrapper\">\n\t\t\t\t\t\t<span class=\"elementor-button-text\">More<\/span>\n\t\t<\/span>\n\t\t\t\t\t<\/a>\n\t\t<\/div>\n\t\t\t\t<\/div>\n\t\t\t\t<\/div>\n\t\t\t\t<\/div>\n\t\t\t\t\t<\/div>\n\t\t\t\t<\/div>\n\t\t\t\t<\/div>\n\t\t\t\t<div data-elementor-type=\"loop-item\" data-elementor-id=\"2111\" class=\"elementor elementor-2111 e-loop-item e-loop-item-2816 post-2816 outreach type-outreach status-publish has-post-thumbnail hentry outreach-section-white-papers\" data-elementor-post-type=\"elementor_library\" data-custom-edit-handle=\"1\">\n\t\t\t<div class=\"elementor-element elementor-element-3fcc3fc e-flex e-con-boxed e-con e-parent\" data-id=\"3fcc3fc\" data-element_type=\"container\" data-core-v316-plus=\"true\">\n\t\t\t\t\t<div class=\"e-con-inner\">\n\t\t<div class=\"elementor-element elementor-element-ee7da3b e-con-full e-flex e-con e-child\" data-id=\"ee7da3b\" data-element_type=\"container\">\n\t\t\t\t<div class=\"elementor-element elementor-element-6af0417 elementor-widget elementor-widget-theme-post-featured-image elementor-widget-image\" data-id=\"6af0417\" data-element_type=\"widget\" data-widget_type=\"theme-post-featured-image.default\">\n\t\t\t\t<div class=\"elementor-widget-container\">\n\t\t\t\t\t\t\t\t\t\t\t\t\t\t<a href=\"https:\/\/zenodo.org\/records\/12636223\" target=\"_blank\">\n\t\t\t\t\t\t\t<img loading=\"lazy\" decoding=\"async\" width=\"630\" height=\"893\" src=\"https:\/\/uchass.ugr.es\/wp-content\/uploads\/2024\/04\/Captura-de-pantalla-2024-07-03-164953.png\" class=\"attachment-full size-full wp-image-3192\" alt=\"\" \/>\t\t\t\t\t\t\t\t<\/a>\n\t\t\t\t\t\t\t\t\t\t\t\t\t<\/div>\n\t\t\t\t<\/div>\n\t\t\t\t<\/div>\n\t\t<div class=\"elementor-element elementor-element-4fdc199 e-con-full e-flex e-con e-child\" data-id=\"4fdc199\" data-element_type=\"container\">\n\t\t\t\t<div class=\"elementor-element elementor-element-42bf5cc elementor-widget elementor-widget-theme-post-title elementor-page-title elementor-widget-heading\" data-id=\"42bf5cc\" data-element_type=\"widget\" data-widget_type=\"theme-post-title.default\">\n\t\t\t\t<div class=\"elementor-widget-container\">\n\t\t\t<h4 class=\"elementor-heading-title elementor-size-default\"><a href=\"https:\/\/uchass.ugr.es\/es\/outreach\/gender-in-science\/\">Gender in Science<\/a><\/h4>\t\t<\/div>\n\t\t\t\t<\/div>\n\t\t\t\t<div class=\"elementor-element elementor-element-ebe666a elementor-widget elementor-widget-theme-post-content\" data-id=\"ebe666a\" data-element_type=\"widget\" data-widget_type=\"theme-post-content.default\">\n\t\t\t\t<div class=\"elementor-widget-container\">\n\t\t\t\n<p>This paper reviews the main bibliometric approaches and findings reported in the scientific literature with regard to gender in science. <a href=\"https:\/\/doi.org\/10.5281\/zenodo.12636223\">https:\/\/doi.org\/10.5281\/zenodo.12636223<\/a><\/p>\n\t\t<\/div>\n\t\t\t\t<\/div>\n\t\t\t\t<div class=\"elementor-element elementor-element-881e841 elementor-align-right elementor-widget elementor-widget-button\" data-id=\"881e841\" data-element_type=\"widget\" data-widget_type=\"button.default\">\n\t\t\t\t<div class=\"elementor-widget-container\">\n\t\t\t\t\t<div class=\"elementor-button-wrapper\">\n\t\t\t<a class=\"elementor-button elementor-button-link elementor-size-sm\" href=\"https:\/\/zenodo.org\/records\/12636223\" target=\"_blank\">\n\t\t\t\t\t\t<span class=\"elementor-button-content-wrapper\">\n\t\t\t\t\t\t<span class=\"elementor-button-text\">More<\/span>\n\t\t<\/span>\n\t\t\t\t\t<\/a>\n\t\t<\/div>\n\t\t\t\t<\/div>\n\t\t\t\t<\/div>\n\t\t\t\t<\/div>\n\t\t\t\t\t<\/div>\n\t\t\t\t<\/div>\n\t\t\t\t<\/div>\n\t\t\t\t<\/div>\n\t\t\n\t\t\t\t<\/div>\n\t\t\t\t<\/div>\n\t\t\t\t<\/div>\n\t\t\t\t\t<\/div>\n\t\t\t\t<\/div>\n\t\t\t\t<\/div>","protected":false},"excerpt":{"rendered":"<p>Outreach White Papers<\/p>","protected":false},"author":1,"featured_media":0,"parent":0,"menu_order":0,"comment_status":"closed","ping_status":"closed","template":"","meta":{"site-sidebar-layout":"no-sidebar","site-content-layout":"","ast-site-content-layout":"full-width-container","site-content-style":"default","site-sidebar-style":"default","ast-global-header-display":"","ast-banner-title-visibility":"","ast-main-header-display":"","ast-hfb-above-header-display":"","ast-hfb-below-header-display":"","ast-hfb-mobile-header-display":"","site-post-title":"disabled","ast-breadcrumbs-content":"","ast-featured-img":"disabled","footer-sml-layout":"","theme-transparent-header-meta":"","adv-header-id-meta":"","stick-header-meta":"","header-above-stick-meta":"","header-main-stick-meta":"","header-below-stick-meta":"","astra-migrate-meta-layouts":"default","ast-page-background-enabled":"default","ast-page-background-meta":{"desktop":{"background-color":"var(--ast-global-color-4)","background-image":"","background-repeat":"repeat","background-position":"center center","background-size":"auto","background-attachment":"scroll","background-type":"","background-media":"","overlay-type":"","overlay-color":"","overlay-gradient":""},"tablet":{"background-color":"","background-image":"","background-repeat":"repeat","background-position":"center center","background-size":"auto","background-attachment":"scroll","background-type":"","background-media":"","overlay-type":"","overlay-color":"","overlay-gradient":""},"mobile":{"background-color":"","background-image":"","background-repeat":"repeat","background-position":"center center","background-size":"auto","background-attachment":"scroll","background-type":"","background-media":"","overlay-type":"","overlay-color":"","overlay-gradient":""}},"ast-content-background-meta":{"desktop":{"background-color":"var(--ast-global-color-5)","background-image":"","background-repeat":"repeat","background-position":"center center","background-size":"auto","background-attachment":"scroll","background-type":"","background-media":"","overlay-type":"","overlay-color":"","overlay-gradient":""},"tablet":{"background-color":"var(--ast-global-color-5)","background-image":"","background-repeat":"repeat","background-position":"center center","background-size":"auto","background-attachment":"scroll","background-type":"","background-media":"","overlay-type":"","overlay-color":"","overlay-gradient":""},"mobile":{"background-color":"var(--ast-global-color-5)","background-image":"","background-repeat":"repeat","background-position":"center center","background-size":"auto","background-attachment":"scroll","background-type":"","background-media":"","overlay-type":"","overlay-color":"","overlay-gradient":""}},"footnotes":""},"class_list":["post-1778","page","type-page","status-publish","hentry"],"_links":{"self":[{"href":"https:\/\/uchass.ugr.es\/es\/wp-json\/wp\/v2\/pages\/1778","targetHints":{"allow":["GET"]}}],"collection":[{"href":"https:\/\/uchass.ugr.es\/es\/wp-json\/wp\/v2\/pages"}],"about":[{"href":"https:\/\/uchass.ugr.es\/es\/wp-json\/wp\/v2\/types\/page"}],"author":[{"embeddable":true,"href":"https:\/\/uchass.ugr.es\/es\/wp-json\/wp\/v2\/users\/1"}],"replies":[{"embeddable":true,"href":"https:\/\/uchass.ugr.es\/es\/wp-json\/wp\/v2\/comments?post=1778"}],"version-history":[{"count":40,"href":"https:\/\/uchass.ugr.es\/es\/wp-json\/wp\/v2\/pages\/1778\/revisions"}],"predecessor-version":[{"id":3685,"href":"https:\/\/uchass.ugr.es\/es\/wp-json\/wp\/v2\/pages\/1778\/revisions\/3685"}],"wp:attachment":[{"href":"https:\/\/uchass.ugr.es\/es\/wp-json\/wp\/v2\/media?parent=1778"}],"curies":[{"name":"wp","href":"https:\/\/api.w.org\/{rel}","templated":true}]}}