{"id":4729,"date":"2025-04-23T13:40:40","date_gmt":"2025-04-23T11:40:40","guid":{"rendered":"https:\/\/uchass.ugr.es\/?page_id=4729"},"modified":"2025-05-19T08:58:15","modified_gmt":"2025-05-19T06:58:15","slug":"las-tecnologias-del-lenguaje-retos-y-oportunidades","status":"publish","type":"page","link":"https:\/\/uchass.ugr.es\/es\/humans-on-air\/las-tecnologias-del-lenguaje-retos-y-oportunidades\/","title":{"rendered":"Las tecnolog\u00edas del lenguaje: retos y oportunidades"},"content":{"rendered":"<div data-elementor-type=\"wp-page\" data-elementor-id=\"4729\" class=\"elementor elementor-4729\" data-elementor-post-type=\"page\">\n\t\t\t\t<div class=\"elementor-element elementor-element-1c12098 e-flex e-con-boxed e-con e-parent\" data-id=\"1c12098\" data-element_type=\"container\" data-core-v316-plus=\"true\">\n\t\t\t\t\t<div class=\"e-con-inner\">\n\t\t\t\t<div class=\"elementor-element elementor-element-297ec0c elementor-widget elementor-widget-heading\" data-id=\"297ec0c\" data-element_type=\"widget\" data-widget_type=\"heading.default\">\n\t\t\t\t<div class=\"elementor-widget-container\">\n\t\t\t<style>\/*! elementor - v3.20.0 - 20-03-2024 *\/\n.elementor-heading-title{padding:0;margin:0;line-height:1}.elementor-widget-heading .elementor-heading-title[class*=elementor-size-]>a{color:inherit;font-size:inherit;line-height:inherit}.elementor-widget-heading .elementor-heading-title.elementor-size-small{font-size:15px}.elementor-widget-heading .elementor-heading-title.elementor-size-medium{font-size:19px}.elementor-widget-heading .elementor-heading-title.elementor-size-large{font-size:29px}.elementor-widget-heading .elementor-heading-title.elementor-size-xl{font-size:39px}.elementor-widget-heading .elementor-heading-title.elementor-size-xxl{font-size:59px}<\/style><h2 class=\"elementor-heading-title elementor-size-default\"><a href=\"https:\/\/uchass.ugr.es\/es\/humans-on-air\/\"><span style=\"white-space-collapse: collapse;\">Charlas<\/span><\/a><\/h2>\t\t<\/div>\n\t\t\t\t<\/div>\n\t\t\t\t\t<\/div>\n\t\t\t\t<\/div>\n\t\t<div class=\"elementor-element elementor-element-51e6446 e-flex e-con-boxed elementor-invisible e-con e-parent\" data-id=\"51e6446\" data-element_type=\"container\" data-settings=\"{&quot;animation&quot;:&quot;fadeIn&quot;}\" data-core-v316-plus=\"true\">\n\t\t\t\t\t<div class=\"e-con-inner\">\n\t\t<div class=\"elementor-element elementor-element-c2cc0fb e-con-full e-flex e-con e-child\" data-id=\"c2cc0fb\" data-element_type=\"container\">\n\t\t\t\t<div class=\"elementor-element elementor-element-90d4ac0 elementor-widget__width-initial elementor-widget elementor-widget-image\" data-id=\"90d4ac0\" data-element_type=\"widget\" data-widget_type=\"image.default\">\n\t\t\t\t<div class=\"elementor-widget-container\">\n\t\t\t<style>\/*! elementor - v3.20.0 - 20-03-2024 *\/\n.elementor-widget-image{text-align:center}.elementor-widget-image a{display:inline-block}.elementor-widget-image a img[src$=\".svg\"]{width:48px}.elementor-widget-image img{vertical-align:middle;display:inline-block}<\/style>\t\t\t\t\t\t\t\t\t\t<img fetchpriority=\"high\" decoding=\"async\" width=\"768\" height=\"768\" src=\"https:\/\/uchass.ugr.es\/wp-content\/uploads\/2025\/04\/prueba-3.png\" class=\"attachment-medium_large size-medium_large wp-image-4721\" alt=\"\" \/>\t\t\t\t\t\t\t\t\t\t\t\t\t<\/div>\n\t\t\t\t<\/div>\n\t\t\t\t<\/div>\n\t\t<div class=\"elementor-element elementor-element-3a5858d e-con-full e-flex e-con e-child\" data-id=\"3a5858d\" data-element_type=\"container\" data-settings=\"{&quot;background_background&quot;:&quot;classic&quot;,&quot;shape_divider_top&quot;:&quot;mountains&quot;}\">\n\t\t\t\t<div class=\"elementor-shape elementor-shape-top\" data-negative=\"false\">\n\t\t\t<svg xmlns=\"http:\/\/www.w3.org\/2000\/svg\" viewbox=\"0 0 1000 100\" preserveaspectratio=\"none\">\n\t<path class=\"elementor-shape-fill\" opacity=\"0.33\" d=\"M473,67.3c-203.9,88.3-263.1-34-320.3,0C66,119.1,0,59.7,0,59.7V0h1000v59.7 c0,0-62.1,26.1-94.9,29.3c-32.8,3.3-62.8-12.3-75.8-22.1C806,49.6,745.3,8.7,694.9,4.7S492.4,59,473,67.3z\"\/>\n\t<path class=\"elementor-shape-fill\" opacity=\"0.66\" d=\"M734,67.3c-45.5,0-77.2-23.2-129.1-39.1c-28.6-8.7-150.3-10.1-254,39.1 s-91.7-34.4-149.2,0C115.7,118.3,0,39.8,0,39.8V0h1000v36.5c0,0-28.2-18.5-92.1-18.5C810.2,18.1,775.7,67.3,734,67.3z\"\/>\n\t<path class=\"elementor-shape-fill\" d=\"M766.1,28.9c-200-57.5-266,65.5-395.1,19.5C242,1.8,242,5.4,184.8,20.6C128,35.8,132.3,44.9,89.9,52.5C28.6,63.7,0,0,0,0 h1000c0,0-9.9,40.9-83.6,48.1S829.6,47,766.1,28.9z\"\/>\n<\/svg>\t\t<\/div>\n\t\t\t\t<div class=\"elementor-element elementor-element-06d8315 elementor-widget__width-initial elementor-widget elementor-widget-text-editor\" data-id=\"06d8315\" data-element_type=\"widget\" data-widget_type=\"text-editor.default\">\n\t\t\t\t<div class=\"elementor-widget-container\">\n\t\t\t<style>\/*! elementor - v3.20.0 - 20-03-2024 *\/\n.elementor-widget-text-editor.elementor-drop-cap-view-stacked .elementor-drop-cap{background-color:#69727d;color:#fff}.elementor-widget-text-editor.elementor-drop-cap-view-framed .elementor-drop-cap{color:#69727d;border:3px solid;background-color:transparent}.elementor-widget-text-editor:not(.elementor-drop-cap-view-default) .elementor-drop-cap{margin-top:8px}.elementor-widget-text-editor:not(.elementor-drop-cap-view-default) .elementor-drop-cap-letter{width:1em;height:1em}.elementor-widget-text-editor .elementor-drop-cap{float:left;text-align:center;line-height:1;font-size:50px}.elementor-widget-text-editor .elementor-drop-cap-letter{display:inline-block}<\/style>\t\t\t\t<h2>\u00a0<\/h2><h2>\u00a0<\/h2><h1 style=\"margin-bottom: 0px;\" data-elementor-setting-key=\"title\" data-pen-placeholder=\"Type Here...\"><span style=\"color: #ffffff;\"><span style=\"font-size: 36px;\">Las tecnolog\u00edas del lenguaje: retos y oportunidades<\/span><\/span><\/h1><h1 style=\"margin-bottom: 0px;\" data-elementor-setting-key=\"title\" data-pen-placeholder=\"Type Here...\"><span style=\"color: #ffffff; font-size: 2.11765rem; font-style: inherit; text-decoration-line: initial;\">\u00a0<\/span><\/h1><div><h2><span style=\"color: #ffffff;\">Elena \u00c1lvarez Mellado<\/span><span style=\"color: #ffffff; font-family: 'Roboto Slab', serif; font-size: 1rem; font-weight: 400;\">\u00a0<\/span><span style=\"color: #ffffff; font-size: 2.11765rem; text-decoration-line: initial;\">&amp;\u00a0<\/span><span style=\"color: #ffffff; font-size: 2.11765rem; text-decoration-line: initial;\">Zoraida Callejas Carri\u00f3n<\/span><\/h2><div><span style=\"color: #ffffff;\">\u00a0 \u00a0 30.04.2025 \/ 13:00 apm<\/span><\/div><div><span style=\"color: #ffffff;\">\u00a0 \u00a0 Facultad de Traducci\u00f3n e Interpretaci\u00f3n \/ <\/span><span style=\"text-align: var(--text-align);\"><span style=\"color: #ffffff;\">Sal\u00f3n de Grados<\/span><\/span><\/div><div><span style=\"text-align: var(--text-align);\"><span style=\"color: #ffffff;\">\u00a0<\/span><\/span><\/div><\/div>\t\t\t\t\t\t<\/div>\n\t\t\t\t<\/div>\n\t\t\t\t<\/div>\n\t\t\t\t\t<\/div>\n\t\t\t\t<\/div>\n\t\t<div class=\"elementor-element elementor-element-9351685 e-flex e-con-boxed e-con e-parent\" data-id=\"9351685\" data-element_type=\"container\" data-settings=\"{&quot;animation&quot;:&quot;none&quot;}\" data-core-v316-plus=\"true\">\n\t\t\t\t\t<div class=\"e-con-inner\">\n\t\t\t\t<div class=\"elementor-element elementor-element-02df625 elementor-widget elementor-widget-spacer\" data-id=\"02df625\" data-element_type=\"widget\" data-widget_type=\"spacer.default\">\n\t\t\t\t<div class=\"elementor-widget-container\">\n\t\t\t<style>\/*! elementor - v3.20.0 - 20-03-2024 *\/\n.elementor-column .elementor-spacer-inner{height:var(--spacer-size)}.e-con{--container-widget-width:100%}.e-con-inner>.elementor-widget-spacer,.e-con>.elementor-widget-spacer{width:var(--container-widget-width,var(--spacer-size));--align-self:var(--container-widget-align-self,initial);--flex-shrink:0}.e-con-inner>.elementor-widget-spacer>.elementor-widget-container,.e-con>.elementor-widget-spacer>.elementor-widget-container{height:100%;width:100%}.e-con-inner>.elementor-widget-spacer>.elementor-widget-container>.elementor-spacer,.e-con>.elementor-widget-spacer>.elementor-widget-container>.elementor-spacer{height:100%}.e-con-inner>.elementor-widget-spacer>.elementor-widget-container>.elementor-spacer>.elementor-spacer-inner,.e-con>.elementor-widget-spacer>.elementor-widget-container>.elementor-spacer>.elementor-spacer-inner{height:var(--container-widget-height,var(--spacer-size))}.e-con-inner>.elementor-widget-spacer.elementor-widget-empty,.e-con>.elementor-widget-spacer.elementor-widget-empty{position:relative;min-height:22px;min-width:22px}.e-con-inner>.elementor-widget-spacer.elementor-widget-empty .elementor-widget-empty-icon,.e-con>.elementor-widget-spacer.elementor-widget-empty .elementor-widget-empty-icon{position:absolute;top:0;bottom:0;left:0;right:0;margin:auto;padding:0;width:22px;height:22px}<\/style>\t\t<div class=\"elementor-spacer\">\n\t\t\t<div class=\"elementor-spacer-inner\"><\/div>\n\t\t<\/div>\n\t\t\t\t<\/div>\n\t\t\t\t<\/div>\n\t\t\t\t\t<\/div>\n\t\t\t\t<\/div>\n\t\t<div class=\"elementor-element elementor-element-6d44835 e-flex e-con-boxed elementor-invisible e-con e-parent\" data-id=\"6d44835\" data-element_type=\"container\" data-settings=\"{&quot;motion_fx_motion_fx_scrolling&quot;:&quot;yes&quot;,&quot;animation&quot;:&quot;fadeIn&quot;,&quot;motion_fx_devices&quot;:[&quot;desktop&quot;,&quot;tablet&quot;,&quot;mobile&quot;]}\" data-core-v316-plus=\"true\">\n\t\t\t\t\t<div class=\"e-con-inner\">\n\t\t\t\t<div class=\"elementor-element elementor-element-7fd375a elementor-widget__width-initial elementor-widget elementor-widget-text-editor\" data-id=\"7fd375a\" data-element_type=\"widget\" data-widget_type=\"text-editor.default\">\n\t\t\t\t<div class=\"elementor-widget-container\">\n\t\t\t\t\t\t\t\t\t\t\t\t\t<\/div>\n\t\t\t\t<\/div>\n\t\t\t\t<div class=\"elementor-element elementor-element-57775a8 elementor-widget__width-initial elementor-widget elementor-widget-text-editor\" data-id=\"57775a8\" data-element_type=\"widget\" data-settings=\"{&quot;motion_fx_motion_fx_scrolling&quot;:&quot;yes&quot;,&quot;motion_fx_range&quot;:&quot;page&quot;,&quot;_animation&quot;:&quot;none&quot;,&quot;motion_fx_devices&quot;:[&quot;desktop&quot;,&quot;tablet&quot;,&quot;mobile&quot;]}\" data-widget_type=\"text-editor.default\">\n\t\t\t\t<div class=\"elementor-widget-container\">\n\t\t\t\t\t\t\t<p>ORGANIZADORES<\/p><p>Unidad de Humanidades y Ciencias Sociales Computacionales (U-CHASS)<\/p><p>M\u00e1ster de Traducci\u00f3n Profesional<\/p><p>Proyecto PID 24-180 TRADia<\/p>\t\t\t\t\t\t<\/div>\n\t\t\t\t<\/div>\n\t\t\t\t<div class=\"elementor-element elementor-element-f3b4cbb elementor-widget__width-initial elementor-widget elementor-widget-text-editor\" data-id=\"f3b4cbb\" data-element_type=\"widget\" data-widget_type=\"text-editor.default\">\n\t\t\t\t<div class=\"elementor-widget-container\">\n\t\t\t\t\t\t\t<p><strong>\u00bfQu\u00e9 importancia tiene el estudio del lenguaje en la actualidad? \u00bfCu\u00e1les son los retos, riesgos y oportunidades de la popularizaci\u00f3n de los modelos de gran tama\u00f1o y otras tecnolog\u00edas del lenguaje?<\/strong><\/p><p>Elena \u00c1lvarez Mellado y Zoraida Callejas Carri\u00f3n abordar\u00e1n estas y otras cuestiones relacionadas con la combinaci\u00f3n del lenguaje, el habla y la tecnolog\u00eda en la segunda sesi\u00f3n de <em>\u201cHumans on AIr: ciclo de charlas sobre humanidades, lenguaje e inteligencia artificial\u201d<\/em>, que tendr\u00e1 lugar en el Sal\u00f3n de Grados de la Facultad de Traducci\u00f3n e Interpretaci\u00f3n el mi\u00e9rcoles 30 de abril a las 13:00.<\/p><p>Elena \u00c1lvarez Mellado es ling\u00fcista computacional e investigadora en el grupo de Procesamiento de Lenguaje Natural y Recuperaci\u00f3n de Informaci\u00f3n de la UNED. Ha trabajado en proyectos de tecnolog\u00eda ling\u00fc\u00edstica en diversas instituciones como el Information Sciences Institute de la Universidad del Sur de California, la Universidad de Brandeis de Massachusetts, el Laboratorio de Humanidades Digitales de la UNED o la Fund\u00e9u. Su tesis se centra en la aplicaci\u00f3n de t\u00e9cnicas de aprendizaje autom\u00e1tico a la detecci\u00f3n de pr\u00e9stamos l\u00e9xicos en castellano. Tambi\u00e9n destaca en sus labores de divulgaci\u00f3n de la ling\u00fc\u00edstica. En 2017 obtuvo el XXII Premio Nacional de Periodismo Miguel Delibes por su art\u00edculo <em>'Met\u00e1foras peligrosas: el c\u00e1ncer como lucha'<\/em>, publicado en <em>eldiario.es<\/em>.<\/p><p>Zoraida Callejas es profesora del departamento de Lenguajes y Sistemas Inform\u00e1ticos de la Universidad de Granada. Su investigaci\u00f3n se centra en los sistemas conversacionales y las tecnolog\u00edas del habla y el lenguaje. Actualmente coordina la Red Espa\u00f1ola de Tecnolog\u00edas de Habla, as\u00ed como varios proyectos de investigaci\u00f3n sobre la generaci\u00f3n de recursos para IA conversacional en espa\u00f1ol y lenguas cooficiales (CONVERSA), y el desarrollo de sistemas conversacionales m\u00e1s personalizados y confiables (TrustBoost). Tambi\u00e9n coordina la c\u00e1tedra RTVE-UGR, dedicada a la IA conversacional y sus aplicaciones en el \u00e1mbito de los medios de comunicaci\u00f3n. Adem\u00e1s, participa en los proyectos europeos CRYSTAL y alt-edic4EU y en la acci\u00f3n COST YouthDMH, todos relacionados con la aplicaci\u00f3n de las tecnolog\u00edas del habla y del lenguaje en distintos dominios, entre ellos la salud mental. Zoraida ha sido investigadora invitada en la Universidad T\u00e9cnica de Liberec (Rep\u00fablica Checa), la Universidad de Trento (Italia), la Universidad de Ulster (Reino Unido), la Universidad T\u00e9cnica de Berl\u00edn (Alemania), la Universidad de Ulm (Alemania) y T\u00e9l\u00e9com ParisTech (Francia), entre otras.<\/p><p data-start=\"0\" data-end=\"573\"><em style=\"font-weight: inherit; background-color: rgba(255, 255, 255, 0);\">La asistencia es libre hasta completar el aforo<\/em><\/p>\t\t\t\t\t\t<\/div>\n\t\t\t\t<\/div>\n\t\t\t\t\t<\/div>\n\t\t\t\t<\/div>\n\t\t<div class=\"elementor-element elementor-element-8b1234e e-flex e-con-boxed e-con e-parent\" data-id=\"8b1234e\" data-element_type=\"container\" data-core-v316-plus=\"true\">\n\t\t\t\t\t<div class=\"e-con-inner\">\n\t\t\t\t<div class=\"elementor-element elementor-element-6c36819 elementor-widget elementor-widget-video\" data-id=\"6c36819\" data-element_type=\"widget\" data-settings=\"{&quot;youtube_url&quot;:&quot;https:\\\/\\\/www.youtube.com\\\/watch?v=GZN0GkwODwo&quot;,&quot;video_type&quot;:&quot;youtube&quot;,&quot;controls&quot;:&quot;yes&quot;}\" data-widget_type=\"video.default\">\n\t\t\t\t<div class=\"elementor-widget-container\">\n\t\t\t<style>\/*! elementor - v3.20.0 - 20-03-2024 *\/\n.elementor-widget-video .elementor-widget-container{overflow:hidden;transform:translateZ(0)}.elementor-widget-video .elementor-wrapper{aspect-ratio:var(--video-aspect-ratio)}.elementor-widget-video .elementor-wrapper iframe,.elementor-widget-video .elementor-wrapper video{height:100%;width:100%;display:flex;border:none;background-color:#000}@supports not (aspect-ratio:1\/1){.elementor-widget-video .elementor-wrapper{position:relative;overflow:hidden;height:0;padding-bottom:calc(100% \/ var(--video-aspect-ratio))}.elementor-widget-video .elementor-wrapper iframe,.elementor-widget-video .elementor-wrapper video{position:absolute;top:0;right:0;bottom:0;left:0}}.elementor-widget-video .elementor-open-inline .elementor-custom-embed-image-overlay{position:absolute;top:0;right:0;bottom:0;left:0;background-size:cover;background-position:50%}.elementor-widget-video .elementor-custom-embed-image-overlay{cursor:pointer;text-align:center}.elementor-widget-video .elementor-custom-embed-image-overlay:hover .elementor-custom-embed-play i{opacity:1}.elementor-widget-video .elementor-custom-embed-image-overlay img{display:block;width:100%;aspect-ratio:var(--video-aspect-ratio);-o-object-fit:cover;object-fit:cover;-o-object-position:center center;object-position:center center}@supports not (aspect-ratio:1\/1){.elementor-widget-video .elementor-custom-embed-image-overlay{position:relative;overflow:hidden;height:0;padding-bottom:calc(100% \/ var(--video-aspect-ratio))}.elementor-widget-video .elementor-custom-embed-image-overlay img{position:absolute;top:0;right:0;bottom:0;left:0}}.elementor-widget-video .e-hosted-video .elementor-video{-o-object-fit:cover;object-fit:cover}.e-con-inner>.elementor-widget-video,.e-con>.elementor-widget-video{width:var(--container-widget-width);--flex-grow:var(--container-widget-flex-grow)}<\/style>\t\t<div class=\"elementor-wrapper elementor-open-inline\">\n\t\t\t<div class=\"elementor-video\"><\/div>\t\t<\/div>\n\t\t\t\t<\/div>\n\t\t\t\t<\/div>\n\t\t\t\t\t<\/div>\n\t\t\t\t<\/div>\n\t\t\t\t<\/div>","protected":false},"excerpt":{"rendered":"<p>Talks \u00a0 \u00a0 Las tecnolog\u00edas del lenguaje: retos y oportunidades \u00a0 Elena \u00c1lvarez Mellado\u00a0&amp;\u00a0Zoraida Callejas Carri\u00f3n \u00a0 \u00a0 30.04.2025 \/ [&hellip;]<\/p>","protected":false},"author":4,"featured_media":0,"parent":4468,"menu_order":0,"comment_status":"closed","ping_status":"closed","template":"","meta":{"site-sidebar-layout":"no-sidebar","site-content-layout":"","ast-site-content-layout":"full-width-container","site-content-style":"default","site-sidebar-style":"default","ast-global-header-display":"","ast-banner-title-visibility":"","ast-main-header-display":"","ast-hfb-above-header-display":"","ast-hfb-below-header-display":"","ast-hfb-mobile-header-display":"","site-post-title":"disabled","ast-breadcrumbs-content":"","ast-featured-img":"disabled","footer-sml-layout":"","theme-transparent-header-meta":"","adv-header-id-meta":"","stick-header-meta":"","header-above-stick-meta":"","header-main-stick-meta":"","header-below-stick-meta":"","astra-migrate-meta-layouts":"default","ast-page-background-enabled":"default","ast-page-background-meta":{"desktop":{"background-color":"var(--ast-global-color-4)","background-image":"","background-repeat":"repeat","background-position":"center center","background-size":"auto","background-attachment":"scroll","background-type":"","background-media":"","overlay-type":"","overlay-color":"","overlay-gradient":""},"tablet":{"background-color":"","background-image":"","background-repeat":"repeat","background-position":"center center","background-size":"auto","background-attachment":"scroll","background-type":"","background-media":"","overlay-type":"","overlay-color":"","overlay-gradient":""},"mobile":{"background-color":"","background-image":"","background-repeat":"repeat","background-position":"center center","background-size":"auto","background-attachment":"scroll","background-type":"","background-media":"","overlay-type":"","overlay-color":"","overlay-gradient":""}},"ast-content-background-meta":{"desktop":{"background-color":"var(--ast-global-color-5)","background-image":"","background-repeat":"repeat","background-position":"center center","background-size":"auto","background-attachment":"scroll","background-type":"","background-media":"","overlay-type":"","overlay-color":"","overlay-gradient":""},"tablet":{"background-color":"var(--ast-global-color-5)","background-image":"","background-repeat":"repeat","background-position":"center center","background-size":"auto","background-attachment":"scroll","background-type":"","background-media":"","overlay-type":"","overlay-color":"","overlay-gradient":""},"mobile":{"background-color":"var(--ast-global-color-5)","background-image":"","background-repeat":"repeat","background-position":"center center","background-size":"auto","background-attachment":"scroll","background-type":"","background-media":"","overlay-type":"","overlay-color":"","overlay-gradient":""}},"footnotes":""},"class_list":["post-4729","page","type-page","status-publish","hentry"],"_links":{"self":[{"href":"https:\/\/uchass.ugr.es\/es\/wp-json\/wp\/v2\/pages\/4729","targetHints":{"allow":["GET"]}}],"collection":[{"href":"https:\/\/uchass.ugr.es\/es\/wp-json\/wp\/v2\/pages"}],"about":[{"href":"https:\/\/uchass.ugr.es\/es\/wp-json\/wp\/v2\/types\/page"}],"author":[{"embeddable":true,"href":"https:\/\/uchass.ugr.es\/es\/wp-json\/wp\/v2\/users\/4"}],"replies":[{"embeddable":true,"href":"https:\/\/uchass.ugr.es\/es\/wp-json\/wp\/v2\/comments?post=4729"}],"version-history":[{"count":19,"href":"https:\/\/uchass.ugr.es\/es\/wp-json\/wp\/v2\/pages\/4729\/revisions"}],"predecessor-version":[{"id":4831,"href":"https:\/\/uchass.ugr.es\/es\/wp-json\/wp\/v2\/pages\/4729\/revisions\/4831"}],"up":[{"embeddable":true,"href":"https:\/\/uchass.ugr.es\/es\/wp-json\/wp\/v2\/pages\/4468"}],"wp:attachment":[{"href":"https:\/\/uchass.ugr.es\/es\/wp-json\/wp\/v2\/media?parent=4729"}],"curies":[{"name":"wp","href":"https:\/\/api.w.org\/{rel}","templated":true}]}}